{"id":73941,"date":"2015-05-26T17:42:31","date_gmt":"2015-05-26T10:42:31","guid":{"rendered":"https:\/\/structure.thememove.com\/?page_id=73941"},"modified":"2025-01-12T14:04:23","modified_gmt":"2025-01-12T14:04:23","slug":"gurore","status":"publish","type":"page","link":"https:\/\/thoreneks.al\/en\/gurore\/","title":{"rendered":"Quarry"},"content":{"rendered":"<div  class=\"vc_row wpb_row  intro4 align-center\" style=\"\"><div class=\"boxed\"><div class=\"container\"><div class=\"vc_row\"><div class=\"wpb_column vc_column_container col-sm-12 vc_col-sm-12 col-lg-12 vc_col-lg-12\"><div class=\"vc_column-inner vc_custom_1664032199275\"><div class=\"wpb_wrapper\"><div class=\"vc_custom_heading\" ><h1 style=\"color: #a0a0a0;line-height: 1.5;text-align: center\" >Quarry<\/h1><\/div><\/div><\/div><\/div><\/div><\/div><\/div><\/div><div  class=\"vc_row wpb_row  intro4 align-center\" style=\"\"><div class=\"boxed\"><div class=\"container\"><div class=\"vc_row\"><div class=\"wpb_column vc_column_container col-sm-12 vc_col-sm-12 col-lg-12 vc_col-lg-12\"><div class=\"vc_column-inner\"><div class=\"wpb_wrapper\">\n\t<div class=\"wpb_raw_code wpb_content_element wpb_raw_html\" >\n\t\t<div class=\"wpb_wrapper\">\n\t\t\t\r\n    <div>        \r\n    <video id=\"plyr69e0000f47dc0\" autoplay controls class=\"easy-video-player\">\r\n       <source src=\"https:\/\/thoreneks.al\/wp-content\/uploads\/2022\/09\/My-Video.mp4\" type=\"video\/mp4\" \/>\r\n    <\/video>\r\n    <\/div>    <script>\r\n        const evplayerplyr69e0000f47dc0 = new Plyr(document.getElementById('plyr69e0000f47dc0'));\r\n        evplayerplyr69e0000f47dc0.ratio = '16:9';\r\n        evplayerplyr69e0000f47dc0.iconUrl = 'https:\/\/thoreneks.al\/wp-content\/plugins\/easy-video-player\/lib\/plyr.svg';\r\n        evplayerplyr69e0000f47dc0.blankVideo = 'https:\/\/thoreneks.al\/wp-content\/plugins\/easy-video-player\/lib\/blank.mp4';  \r\n    <\/script>\n\n\t\t<\/div>\n\t<\/div>\n<\/div><\/div><\/div><\/div><\/div><\/div><\/div><div  class=\"vc_row wpb_row  features-2 vc_custom_1429696703812\" style=\"background-color: #ffffff;\"><div class=\"boxed\"><div class=\"container\"><div class=\"vc_row\"><div class=\"wpb_column vc_column_container col-sm-6 vc_col-sm-6 col-lg-6 vc_col-lg-6\"><div class=\"vc_column-inner\"><div class=\"wpb_wrapper\">\n\t<div  class=\"wpb_single_image wpb_content_element vc_align_left\">\n\t\t\n\t\t<figure class=\"wpb_wrapper vc_figure\">\n\t\t\t<div class=\"vc_single_image-wrapper vc_box_rounded  vc_box_border_grey\"><img loading=\"lazy\" decoding=\"async\" class=\"vc_single_image-img\" src=\"https:\/\/thoreneks.al\/wp-content\/uploads\/2025\/01\/WhatsApp-Image-2025-01-12-at-13.26.04_a2a6e399-1080x1920.jpg\" width=\"1080\" height=\"1920\" alt=\"WhatsApp Image 2025-01-12 at 13.26.04_a2a6e399\" title=\"WhatsApp Image 2025-01-12 at 13.26.04_a2a6e399\" \/><\/div>\n\t\t<\/figure>\n\t<\/div>\n<\/div><\/div><\/div><div class=\"wpb_column vc_column_container col-sm-6 vc_col-sm-6 col-lg-6 vc_col-lg-6\"><div class=\"vc_column-inner\"><div class=\"wpb_wrapper\">\n\t<div class=\"wpb_text_column wpb_content_element  vc_custom_1664031565612\" >\n\t\t<div class=\"wpb_wrapper\">\n\t\t\t<div class=\"vc_row wpb_row intro4 align-center vc_custom_1432632676284\">\n<div class=\"boxed\">\n<div class=\"container\">\n<div class=\"vc_row\">\n<div class=\"wpb_column vc_column_container col-sm-12 vc_col-sm-12 col-lg-12 vc_col-lg-12\">\n<div class=\"vc_column-inner\">\n<div class=\"wpb_wrapper\">\n<div class=\"vc_custom_heading\">\n<p style=\"text-align: center;\">Pro-Gri is a unique natural stone featuring a distinctive blend of brown and grey with soft hues and hints of white veining. This exclusive and versatile material is perfect for cladding, flooring, furniture, and even kitchen benchtops and walls creating a one-of-a-kind look.Surface of quarry 72 ha.<\/p>\n<\/div>\n<\/div>\n<\/div>\n<\/div>\n<\/div>\n<\/div>\n<\/div>\n<\/div>\n<div class=\"vc_row wpb_row features-2 vc_custom_1429696703812\">\n<div class=\"boxed\">\n<div class=\"container\">\n<div class=\"vc_row\">\n<div class=\"wpb_column vc_column_container col-sm-6 vc_col-sm-6 col-lg-6 vc_col-lg-6\">\n<div class=\"vc_column-inner\">\n<div class=\"wpb_wrapper\"><\/div>\n<\/div>\n<\/div>\n<\/div>\n<\/div>\n<\/div>\n<\/div>\n\n\t\t<\/div>\n\t<\/div>\n<\/div><\/div><\/div><\/div><\/div><\/div><\/div><div  class=\"vc_row wpb_row\" style=\"\"><div class=\"boxed\"><div class=\"container\"><div class=\"vc_row\"><div class=\"wpb_column vc_column_container col-sm-12 vc_col-sm-12 col-lg-12 vc_col-lg-12\"><div class=\"vc_column-inner\"><div class=\"wpb_wrapper\"><div class=\"wpb_gallery wpb_content_element vc_clearfix\" ><div class=\"wpb_wrapper\"><div class=\"wpb_gallery_slides wpb_slider_nivo theme-default\" data-interval=\"3\"><div class=\"nivoSlider\"><a href=\"https:\/\/thoreneks.al\/wp-content\/uploads\/2022\/09\/Image-4-1024x682.jpeg\" target=\"_self\"><img loading=\"lazy\" decoding=\"async\" width=\"1280\" height=\"853\" src=\"https:\/\/thoreneks.al\/wp-content\/uploads\/2022\/09\/Image-4.jpeg\" class=\"attachment-full\" alt=\"\" srcset=\"https:\/\/thoreneks.al\/wp-content\/uploads\/2022\/09\/Image-4.jpeg 1280w, https:\/\/thoreneks.al\/wp-content\/uploads\/2022\/09\/Image-4-300x200.jpeg 300w, https:\/\/thoreneks.al\/wp-content\/uploads\/2022\/09\/Image-4-1024x682.jpeg 1024w, https:\/\/thoreneks.al\/wp-content\/uploads\/2022\/09\/Image-4-768x512.jpeg 768w, https:\/\/thoreneks.al\/wp-content\/uploads\/2022\/09\/Image-4-18x12.jpeg 18w, https:\/\/thoreneks.al\/wp-content\/uploads\/2022\/09\/Image-4-600x400.jpeg 600w\" sizes=\"auto, (max-width: 1280px) 100vw, 1280px\" \/><\/a><a href=\"https:\/\/thoreneks.al\/wp-content\/uploads\/2022\/09\/Image-5-1024x576.jpeg\" target=\"_self\"><img loading=\"lazy\" decoding=\"async\" width=\"1280\" height=\"720\" src=\"https:\/\/thoreneks.al\/wp-content\/uploads\/2022\/09\/Image-5.jpeg\" class=\"attachment-full\" alt=\"\" srcset=\"https:\/\/thoreneks.al\/wp-content\/uploads\/2022\/09\/Image-5.jpeg 1280w, https:\/\/thoreneks.al\/wp-content\/uploads\/2022\/09\/Image-5-300x169.jpeg 300w, https:\/\/thoreneks.al\/wp-content\/uploads\/2022\/09\/Image-5-1024x576.jpeg 1024w, https:\/\/thoreneks.al\/wp-content\/uploads\/2022\/09\/Image-5-768x432.jpeg 768w, https:\/\/thoreneks.al\/wp-content\/uploads\/2022\/09\/Image-5-18x10.jpeg 18w, https:\/\/thoreneks.al\/wp-content\/uploads\/2022\/09\/Image-5-600x338.jpeg 600w\" sizes=\"auto, (max-width: 1280px) 100vw, 1280px\" \/><\/a><a href=\"https:\/\/thoreneks.al\/wp-content\/uploads\/2022\/09\/Image-3-1024x707.jpeg\" target=\"_self\"><img loading=\"lazy\" decoding=\"async\" width=\"1280\" height=\"884\" src=\"https:\/\/thoreneks.al\/wp-content\/uploads\/2022\/09\/Image-3.jpeg\" class=\"attachment-full\" alt=\"\" srcset=\"https:\/\/thoreneks.al\/wp-content\/uploads\/2022\/09\/Image-3.jpeg 1280w, https:\/\/thoreneks.al\/wp-content\/uploads\/2022\/09\/Image-3-300x207.jpeg 300w, https:\/\/thoreneks.al\/wp-content\/uploads\/2022\/09\/Image-3-1024x707.jpeg 1024w, https:\/\/thoreneks.al\/wp-content\/uploads\/2022\/09\/Image-3-768x530.jpeg 768w, https:\/\/thoreneks.al\/wp-content\/uploads\/2022\/09\/Image-3-18x12.jpeg 18w, https:\/\/thoreneks.al\/wp-content\/uploads\/2022\/09\/Image-3-600x414.jpeg 600w\" sizes=\"auto, (max-width: 1280px) 100vw, 1280px\" \/><\/a><a href=\"https:\/\/thoreneks.al\/wp-content\/uploads\/2022\/09\/Image-2-1024x682.jpeg\" target=\"_self\"><img loading=\"lazy\" decoding=\"async\" width=\"1280\" height=\"853\" src=\"https:\/\/thoreneks.al\/wp-content\/uploads\/2022\/09\/Image-2.jpeg\" class=\"attachment-full\" alt=\"\" srcset=\"https:\/\/thoreneks.al\/wp-content\/uploads\/2022\/09\/Image-2.jpeg 1280w, https:\/\/thoreneks.al\/wp-content\/uploads\/2022\/09\/Image-2-300x200.jpeg 300w, https:\/\/thoreneks.al\/wp-content\/uploads\/2022\/09\/Image-2-1024x682.jpeg 1024w, https:\/\/thoreneks.al\/wp-content\/uploads\/2022\/09\/Image-2-768x512.jpeg 768w, https:\/\/thoreneks.al\/wp-content\/uploads\/2022\/09\/Image-2-18x12.jpeg 18w, https:\/\/thoreneks.al\/wp-content\/uploads\/2022\/09\/Image-2-600x400.jpeg 600w\" sizes=\"auto, (max-width: 1280px) 100vw, 1280px\" \/><\/a><a href=\"https:\/\/thoreneks.al\/wp-content\/uploads\/2022\/09\/Image-1-1024x654.jpeg\" target=\"_self\"><img loading=\"lazy\" decoding=\"async\" width=\"1280\" height=\"817\" src=\"https:\/\/thoreneks.al\/wp-content\/uploads\/2022\/09\/Image-1.jpeg\" class=\"attachment-full\" alt=\"\" srcset=\"https:\/\/thoreneks.al\/wp-content\/uploads\/2022\/09\/Image-1.jpeg 1280w, https:\/\/thoreneks.al\/wp-content\/uploads\/2022\/09\/Image-1-300x191.jpeg 300w, https:\/\/thoreneks.al\/wp-content\/uploads\/2022\/09\/Image-1-1024x654.jpeg 1024w, https:\/\/thoreneks.al\/wp-content\/uploads\/2022\/09\/Image-1-768x490.jpeg 768w, https:\/\/thoreneks.al\/wp-content\/uploads\/2022\/09\/Image-1-18x12.jpeg 18w, https:\/\/thoreneks.al\/wp-content\/uploads\/2022\/09\/Image-1-600x383.jpeg 600w\" sizes=\"auto, (max-width: 1280px) 100vw, 1280px\" \/><\/a><a href=\"https:\/\/thoreneks.al\/wp-content\/uploads\/2022\/09\/Image-1024x576.jpeg\" target=\"_self\"><img loading=\"lazy\" decoding=\"async\" width=\"1280\" height=\"720\" src=\"https:\/\/thoreneks.al\/wp-content\/uploads\/2022\/09\/Image.jpeg\" class=\"attachment-full\" alt=\"\" srcset=\"https:\/\/thoreneks.al\/wp-content\/uploads\/2022\/09\/Image.jpeg 1280w, https:\/\/thoreneks.al\/wp-content\/uploads\/2022\/09\/Image-300x169.jpeg 300w, https:\/\/thoreneks.al\/wp-content\/uploads\/2022\/09\/Image-1024x576.jpeg 1024w, https:\/\/thoreneks.al\/wp-content\/uploads\/2022\/09\/Image-768x432.jpeg 768w, https:\/\/thoreneks.al\/wp-content\/uploads\/2022\/09\/Image-18x10.jpeg 18w, https:\/\/thoreneks.al\/wp-content\/uploads\/2022\/09\/Image-600x338.jpeg 600w\" sizes=\"auto, (max-width: 1280px) 100vw, 1280px\" \/><\/a><a href=\"https:\/\/thoreneks.al\/wp-content\/uploads\/2025\/01\/WhatsApp-Image-2025-01-12-at-13.26.03_47e7751e-768x1024.jpg\" target=\"_self\"><img loading=\"lazy\" decoding=\"async\" width=\"1200\" height=\"1600\" src=\"https:\/\/thoreneks.al\/wp-content\/uploads\/2025\/01\/WhatsApp-Image-2025-01-12-at-13.26.03_47e7751e.jpg\" class=\"attachment-full\" alt=\"\" srcset=\"https:\/\/thoreneks.al\/wp-content\/uploads\/2025\/01\/WhatsApp-Image-2025-01-12-at-13.26.03_47e7751e.jpg 1200w, https:\/\/thoreneks.al\/wp-content\/uploads\/2025\/01\/WhatsApp-Image-2025-01-12-at-13.26.03_47e7751e-225x300.jpg 225w, https:\/\/thoreneks.al\/wp-content\/uploads\/2025\/01\/WhatsApp-Image-2025-01-12-at-13.26.03_47e7751e-768x1024.jpg 768w, https:\/\/thoreneks.al\/wp-content\/uploads\/2025\/01\/WhatsApp-Image-2025-01-12-at-13.26.03_47e7751e-1152x1536.jpg 1152w, https:\/\/thoreneks.al\/wp-content\/uploads\/2025\/01\/WhatsApp-Image-2025-01-12-at-13.26.03_47e7751e-9x12.jpg 9w, https:\/\/thoreneks.al\/wp-content\/uploads\/2025\/01\/WhatsApp-Image-2025-01-12-at-13.26.03_47e7751e-600x800.jpg 600w\" sizes=\"auto, (max-width: 1200px) 100vw, 1200px\" \/><\/a><a href=\"https:\/\/thoreneks.al\/wp-content\/uploads\/2025\/01\/WhatsApp-Image-2025-01-12-at-13.26.03_d58a3b60-1024x768.jpg\" target=\"_self\"><img loading=\"lazy\" decoding=\"async\" width=\"1600\" height=\"1200\" src=\"https:\/\/thoreneks.al\/wp-content\/uploads\/2025\/01\/WhatsApp-Image-2025-01-12-at-13.26.03_d58a3b60.jpg\" class=\"attachment-full\" alt=\"\" srcset=\"https:\/\/thoreneks.al\/wp-content\/uploads\/2025\/01\/WhatsApp-Image-2025-01-12-at-13.26.03_d58a3b60.jpg 1600w, https:\/\/thoreneks.al\/wp-content\/uploads\/2025\/01\/WhatsApp-Image-2025-01-12-at-13.26.03_d58a3b60-300x225.jpg 300w, https:\/\/thoreneks.al\/wp-content\/uploads\/2025\/01\/WhatsApp-Image-2025-01-12-at-13.26.03_d58a3b60-1024x768.jpg 1024w, https:\/\/thoreneks.al\/wp-content\/uploads\/2025\/01\/WhatsApp-Image-2025-01-12-at-13.26.03_d58a3b60-768x576.jpg 768w, https:\/\/thoreneks.al\/wp-content\/uploads\/2025\/01\/WhatsApp-Image-2025-01-12-at-13.26.03_d58a3b60-1536x1152.jpg 1536w, https:\/\/thoreneks.al\/wp-content\/uploads\/2025\/01\/WhatsApp-Image-2025-01-12-at-13.26.03_d58a3b60-16x12.jpg 16w, https:\/\/thoreneks.al\/wp-content\/uploads\/2025\/01\/WhatsApp-Image-2025-01-12-at-13.26.03_d58a3b60-600x450.jpg 600w\" sizes=\"auto, (max-width: 1600px) 100vw, 1600px\" \/><\/a><a href=\"https:\/\/thoreneks.al\/wp-content\/uploads\/2025\/01\/WhatsApp-Image-2025-01-12-at-13.26.04_a2a6e399-1-768x1024.jpg\" target=\"_self\"><img loading=\"lazy\" decoding=\"async\" width=\"1200\" height=\"1600\" src=\"https:\/\/thoreneks.al\/wp-content\/uploads\/2025\/01\/WhatsApp-Image-2025-01-12-at-13.26.04_a2a6e399-1.jpg\" class=\"attachment-full\" alt=\"\" srcset=\"https:\/\/thoreneks.al\/wp-content\/uploads\/2025\/01\/WhatsApp-Image-2025-01-12-at-13.26.04_a2a6e399-1.jpg 1200w, https:\/\/thoreneks.al\/wp-content\/uploads\/2025\/01\/WhatsApp-Image-2025-01-12-at-13.26.04_a2a6e399-1-225x300.jpg 225w, https:\/\/thoreneks.al\/wp-content\/uploads\/2025\/01\/WhatsApp-Image-2025-01-12-at-13.26.04_a2a6e399-1-768x1024.jpg 768w, https:\/\/thoreneks.al\/wp-content\/uploads\/2025\/01\/WhatsApp-Image-2025-01-12-at-13.26.04_a2a6e399-1-1152x1536.jpg 1152w, https:\/\/thoreneks.al\/wp-content\/uploads\/2025\/01\/WhatsApp-Image-2025-01-12-at-13.26.04_a2a6e399-1-9x12.jpg 9w, https:\/\/thoreneks.al\/wp-content\/uploads\/2025\/01\/WhatsApp-Image-2025-01-12-at-13.26.04_a2a6e399-1-600x800.jpg 600w\" sizes=\"auto, (max-width: 1200px) 100vw, 1200px\" \/><\/a><a href=\"https:\/\/thoreneks.al\/wp-content\/uploads\/2025\/01\/WhatsApp-Image-2025-01-12-at-13.26.04_d4b1b0d9-1024x768.jpg\" target=\"_self\"><img loading=\"lazy\" decoding=\"async\" width=\"1600\" height=\"1200\" src=\"https:\/\/thoreneks.al\/wp-content\/uploads\/2025\/01\/WhatsApp-Image-2025-01-12-at-13.26.04_d4b1b0d9.jpg\" class=\"attachment-full\" alt=\"\" srcset=\"https:\/\/thoreneks.al\/wp-content\/uploads\/2025\/01\/WhatsApp-Image-2025-01-12-at-13.26.04_d4b1b0d9.jpg 1600w, https:\/\/thoreneks.al\/wp-content\/uploads\/2025\/01\/WhatsApp-Image-2025-01-12-at-13.26.04_d4b1b0d9-300x225.jpg 300w, https:\/\/thoreneks.al\/wp-content\/uploads\/2025\/01\/WhatsApp-Image-2025-01-12-at-13.26.04_d4b1b0d9-1024x768.jpg 1024w, https:\/\/thoreneks.al\/wp-content\/uploads\/2025\/01\/WhatsApp-Image-2025-01-12-at-13.26.04_d4b1b0d9-768x576.jpg 768w, https:\/\/thoreneks.al\/wp-content\/uploads\/2025\/01\/WhatsApp-Image-2025-01-12-at-13.26.04_d4b1b0d9-1536x1152.jpg 1536w, https:\/\/thoreneks.al\/wp-content\/uploads\/2025\/01\/WhatsApp-Image-2025-01-12-at-13.26.04_d4b1b0d9-16x12.jpg 16w, https:\/\/thoreneks.al\/wp-content\/uploads\/2025\/01\/WhatsApp-Image-2025-01-12-at-13.26.04_d4b1b0d9-600x450.jpg 600w\" sizes=\"auto, (max-width: 1600px) 100vw, 1600px\" \/><\/a><\/div><\/div><\/div><\/div><\/div><\/div><\/div><\/div><\/div><\/div><\/div>","protected":false},"excerpt":{"rendered":"Gurore Pro-Gri \u00ebsht\u00eb nj\u00eb gur natyror unik q\u00eb p\u00ebrmban nj\u00eb p\u00ebrzierje t\u00eb ve\u00e7ant\u00eb t\u00eb kafes\u00eb dhe gris\u00eb me nuanca t\u00eb buta dhe nuanca t\u00eb ngjyrosjes s\u00eb bardh\u00eb. Ky material ekskluziv dhe i gjithansh\u00ebm \u00ebsht\u00eb i p\u00ebrsosur p\u00ebr veshje, dysheme, mobilje, madje edhe tavolina dhe mure kuzhine duke krijuar nj\u00eb pamje t\u00eb ve\u00e7ant\u00eb. Sip\u00ebrfaqja e gurores [...]","protected":false},"author":1,"featured_media":0,"parent":0,"menu_order":0,"comment_status":"closed","ping_status":"closed","template":"","meta":{"footnotes":""},"class_list":["post-73941","page","type-page","status-publish","hentry"],"_links":{"self":[{"href":"https:\/\/thoreneks.al\/en\/wp-json\/wp\/v2\/pages\/73941","targetHints":{"allow":["GET"]}}],"collection":[{"href":"https:\/\/thoreneks.al\/en\/wp-json\/wp\/v2\/pages"}],"about":[{"href":"https:\/\/thoreneks.al\/en\/wp-json\/wp\/v2\/types\/page"}],"author":[{"embeddable":true,"href":"https:\/\/thoreneks.al\/en\/wp-json\/wp\/v2\/users\/1"}],"replies":[{"embeddable":true,"href":"https:\/\/thoreneks.al\/en\/wp-json\/wp\/v2\/comments?post=73941"}],"version-history":[{"count":21,"href":"https:\/\/thoreneks.al\/en\/wp-json\/wp\/v2\/pages\/73941\/revisions"}],"predecessor-version":[{"id":75957,"href":"https:\/\/thoreneks.al\/en\/wp-json\/wp\/v2\/pages\/73941\/revisions\/75957"}],"wp:attachment":[{"href":"https:\/\/thoreneks.al\/en\/wp-json\/wp\/v2\/media?parent=73941"}],"curies":[{"name":"wp","href":"https:\/\/api.w.org\/{rel}","templated":true}]}}